{"id":2864,"date":"2021-03-22T00:04:41","date_gmt":"2021-03-21T22:04:41","guid":{"rendered":"https:\/\/greenbeauty.ee\/pood\/luminous-highlighter-solar-quarts\/"},"modified":"2025-03-28T18:55:52","modified_gmt":"2025-03-28T16:55:52","slug":"luminous-highlighter-solar-quarts","status":"publish","type":"product","link":"https:\/\/greenbeauty.ee\/en\/pood\/luminous-highlighter-solar-quarts\/","title":{"rendered":"Regenerative Night Serum"},"content":{"rendered":"<p>Naha loomulik uuendusprotsess on k\u00f5ige aktiivsem \u00f6\u00f6sel, mist\u00f5ttu on see ideaalne aeg ravida oma nahka koostisosadega, mis parandavad, toidavad ja noorendavad. \u00d6ine seerum tungib s\u00fcgavamale kui tavaline niisutaja, pakkudes t\u00f5husaid koostisosi, mis sihip\u00e4raselt lahendavad probleeme nagu peened kortsud, tuhm jume ja eba\u00fchtlane naha tekstuur.<\/p>\n<p>Tutvuge kangelasliku koostisosaga Bakuchiol \u2013 looduse retinooli alternatiiv<br \/>\nOlete ilmselt kuulnud retinoolist, mis on vananemisvastase hoolduse kuldstandard. Kuid kas teadsid, et on olemas \u00f5rnem ja looduslik alternatiiv? Siin tuleb m\u00e4ngu bakuchiol, mis saadakse Ayurvedas tuntud babchi taimest. See uskumatu koostisosa on meie Regenerative Night Serum&#8217;i s\u00fcdames.<\/p>\n<p>Bakuchiol toimib sarnaselt retinoolile, kuid ilma \u00e4rrituse riskita. See soodustab rakkude uuenemist, stimuleerib kollageeni tootmist ning aitab v\u00e4hendada peeneid kortse. Erinevalt retinoolist sobib bakuchiol isegi k\u00f5ige tundlikumale nahale, muutes selle t\u00e4iuslikuks \u00f6iseks toimaineks k\u00f5igile.<\/p>\n","protected":false},"excerpt":{"rendered":"<p>Naha loomulik uuendusprotsess on k\u00f5ige aktiivsem \u00f6\u00f6sel, mist\u00f5ttu on see ideaalne aeg ravida oma nahka koostisosadega, mis parandavad, toidavad ja noorendavad. \u00d6ine seerum tungib s\u00fcgavamale kui tavaline niisutaja, pakkudes t\u00f5husaid koostisosi, mis sihip\u00e4raselt lahendavad probleeme nagu peened kortsud, tuhm jume ja eba\u00fchtlane naha tekstuur. Tutvuge kangelasliku koostisosaga Bakuchiol \u2013 looduse retinooli alternatiiv Olete ilmselt kuulnud [&hellip;]<\/p>\n","protected":false},"featured_media":32943,"comment_status":"closed","ping_status":"closed","template":"","meta":{"_et_pb_use_builder":"","_et_pb_old_content":"","_et_gb_content_width":""},"product_brand":[],"product_cat":[143,18,82],"product_tag":[],"class_list":{"0":"post-2864","1":"product","2":"type-product","3":"status-publish","4":"has-post-thumbnail","6":"product_cat-skin-care-en","7":"product_cat-eye-of-horus-en","8":"product_cat-face-en","10":"first","11":"outofstock","12":"shipping-taxable","13":"purchasable","14":"product-type-simple"},"_links":{"self":[{"href":"https:\/\/greenbeauty.ee\/en\/wp-json\/wp\/v2\/product\/2864","targetHints":{"allow":["GET"]}}],"collection":[{"href":"https:\/\/greenbeauty.ee\/en\/wp-json\/wp\/v2\/product"}],"about":[{"href":"https:\/\/greenbeauty.ee\/en\/wp-json\/wp\/v2\/types\/product"}],"replies":[{"embeddable":true,"href":"https:\/\/greenbeauty.ee\/en\/wp-json\/wp\/v2\/comments?post=2864"}],"wp:featuredmedia":[{"embeddable":true,"href":"https:\/\/greenbeauty.ee\/en\/wp-json\/wp\/v2\/media\/32943"}],"wp:attachment":[{"href":"https:\/\/greenbeauty.ee\/en\/wp-json\/wp\/v2\/media?parent=2864"}],"wp:term":[{"taxonomy":"product_brand","embeddable":true,"href":"https:\/\/greenbeauty.ee\/en\/wp-json\/wp\/v2\/product_brand?post=2864"},{"taxonomy":"product_cat","embeddable":true,"href":"https:\/\/greenbeauty.ee\/en\/wp-json\/wp\/v2\/product_cat?post=2864"},{"taxonomy":"product_tag","embeddable":true,"href":"https:\/\/greenbeauty.ee\/en\/wp-json\/wp\/v2\/product_tag?post=2864"}],"curies":[{"name":"wp","href":"https:\/\/api.w.org\/{rel}","templated":true}]}}